{"id":340,"date":"2016-11-09T17:25:35","date_gmt":"2016-11-09T17:25:35","guid":{"rendered":"http:\/\/www.clinicasancheztejedor.es\/?page_id=340"},"modified":"2024-07-09T15:02:41","modified_gmt":"2024-07-09T13:02:41","slug":"carillas-dentales-gijon","status":"publish","type":"page","link":"https:\/\/www.clinicasancheztejedor.es\/index.php\/principal\/carillas-dentales-gijon\/","title":{"rendered":"Carillas dentales"},"content":{"rendered":"<section id=\"section_1\" class=\"fw-main-row scrollspy custom-padding\"\n\tstyle=\"padding:40px 0;\"\tdata-wow-delay=\"0\"\t>\n\n\t<div class=\"container \">\n\t\t<div class=\"fw-row\">\n\t<div class=\"fw-col-xs-12 fw-col-sm-6 \" data-wow-delay=\"0\">\n\t<img decoding=\"async\" src=\"\/\/www.clinicasancheztejedor.es\/wp-content\/uploads\/2016\/11\/carillas-dentales.jpg\" alt=\"\/\/www.clinicasancheztejedor.es\/wp-content\/uploads\/2016\/11\/carillas-dentales.jpg\" \/><\/div>\n<div class=\"fw-col-xs-12 fw-col-sm-6 \" data-wow-delay=\"0\">\n\t<p>Las <strong>carillas dentales\u00a0<\/strong>son un tratamiento para corregir defectos de color y\/o malposici\u00f3n del frente anterior.<\/p><p>Tienen la ventaja de no precisar un tallado agresivo, sino una m\u00ednima preparaci\u00f3n de los dientes, siendo\u00a0un tratamiento conservador que permite mejorar tu sonrisa en poco tiempo.<\/p><p>Las mejores porcelanas son capaces de mimetizarse con el esmalte logrando un resultado \u00f3ptimo para los pacientes m\u00e1s exigentes<\/p><\/div>\n<\/div>\n\n<div class=\"fw-row\">\n\t<div class=\"fw-col-xs-12 \" data-wow-delay=\"0\">\n\t\n\t<div class=\"fw-divider-space\" style=\"padding-top: 40px;\"><\/div>\n<\/div>\n<\/div>\n\n<div class=\"fw-row\">\n\t<div class=\"fw-col-xs-12 \" data-wow-delay=\"0\">\n\t\n<a href=\"tel:\/\/985135006\"\n   target=\"_self\"\n   class=\"btn btn-lg btn-primary\"\n   data-action=\"scroll\">\n\t<span>Ll\u00e1manos 985 135 006<\/span>\n<\/a><\/div>\n<\/div>\n\n<div class=\"fw-row\">\n\t<div class=\"fw-col-xs-12 \" data-wow-delay=\"0\">\n\t<div class=\"fw-iconbox clearfix \">\n\t<div class=\"fw-iconbox-image\">\n\t\t<i class=\"\"><\/i>\n\t<\/div>\n\t<div class=\"fw-iconbox-aside\">\n\t\t<div class=\"fw-iconbox-title\">\n\t\t\t<h3><\/h3>\n\t\t<\/div>\n\t\t<div class=\"fw-iconbox-text\">\n\t\t\t<p><\/p>\n\t\t<\/div>\n\t<\/div>\n<\/div><\/div>\n<\/div>\n\n\t<\/div>\n\n<\/section>\n","protected":false},"excerpt":{"rendered":"<p>Las carillas dentales\u00a0son un tratamiento para corregir defectos de color y\/o malposici\u00f3n del frente anterior.Tienen la ventaja de no precisar un tallado agresivo, sino una m\u00ednima preparaci\u00f3n de los dientes,..<\/p>\n","protected":false},"author":1,"featured_media":0,"parent":17,"menu_order":0,"comment_status":"closed","ping_status":"closed","template":"","meta":{"footnotes":""},"class_list":["post-340","page","type-page","status-publish","hentry"],"yoast_head":"<!-- This site is optimized with the Yoast SEO plugin v25.7 - https:\/\/yoast.com\/wordpress\/plugins\/seo\/ -->\n<title>Carillas dentales &#8211; Cl\u00ednica dental Leire S\u00e1nchez-Tejedor, Gij\u00f3n (Asturias)<\/title>\n<meta name=\"description\" content=\"Carillas dentales Cl\u00ednica dental Leire S\u00e1nchez-Tejedor, Gij\u00f3n (Asturias)\" \/>\n<meta name=\"robots\" content=\"index, follow, max-snippet:-1, max-image-preview:large, max-video-preview:-1\" \/>\n<link rel=\"canonical\" href=\"https:\/\/www.clinicasancheztejedor.es\/index.php\/principal\/carillas-dentales-gijon\/\" \/>\n<meta property=\"og:locale\" content=\"es_ES\" \/>\n<meta property=\"og:type\" content=\"article\" \/>\n<meta property=\"og:title\" content=\"Carillas dentales &#8211; Cl\u00ednica dental Leire S\u00e1nchez-Tejedor, Gij\u00f3n (Asturias)\" \/>\n<meta property=\"og:description\" content=\"Carillas dentales Cl\u00ednica dental Leire S\u00e1nchez-Tejedor, Gij\u00f3n (Asturias)\" \/>\n<meta property=\"og:url\" content=\"https:\/\/www.clinicasancheztejedor.es\/index.php\/principal\/carillas-dentales-gijon\/\" \/>\n<meta property=\"og:site_name\" content=\"Cl\u00ednica dental Leire S\u00e1nchez-Tejedor, Gij\u00f3n (Asturias)\" \/>\n<meta property=\"article:modified_time\" content=\"2024-07-09T13:02:41+00:00\" \/>\n<meta property=\"og:image\" content=\"https:\/\/www.clinicasancheztejedor.es\/wp-content\/uploads\/2024\/07\/logo-Clinica-Sanchez-Tejedor.png\" \/>\n\t<meta property=\"og:image:width\" content=\"354\" \/>\n\t<meta property=\"og:image:height\" content=\"255\" \/>\n\t<meta property=\"og:image:type\" content=\"image\/png\" \/>\n<meta name=\"twitter:card\" content=\"summary_large_image\" \/>\n<meta name=\"twitter:label1\" content=\"Tiempo de lectura\" \/>\n\t<meta name=\"twitter:data1\" content=\"1 minuto\" \/>\n<script type=\"application\/ld+json\" class=\"yoast-schema-graph\">{\"@context\":\"https:\/\/schema.org\",\"@graph\":[{\"@type\":\"WebPage\",\"@id\":\"https:\/\/www.clinicasancheztejedor.es\/index.php\/principal\/carillas-dentales-gijon\/\",\"url\":\"https:\/\/www.clinicasancheztejedor.es\/index.php\/principal\/carillas-dentales-gijon\/\",\"name\":\"Carillas dentales &#8211; Cl\u00ednica dental Leire S\u00e1nchez-Tejedor, Gij\u00f3n (Asturias)\",\"isPartOf\":{\"@id\":\"https:\/\/www.clinicasancheztejedor.es\/#website\"},\"datePublished\":\"2016-11-09T17:25:35+00:00\",\"dateModified\":\"2024-07-09T13:02:41+00:00\",\"description\":\"Carillas dentales Cl\u00ednica dental Leire S\u00e1nchez-Tejedor, Gij\u00f3n (Asturias)\",\"breadcrumb\":{\"@id\":\"https:\/\/www.clinicasancheztejedor.es\/index.php\/principal\/carillas-dentales-gijon\/#breadcrumb\"},\"inLanguage\":\"es\",\"potentialAction\":[{\"@type\":\"ReadAction\",\"target\":[\"https:\/\/www.clinicasancheztejedor.es\/index.php\/principal\/carillas-dentales-gijon\/\"]}]},{\"@type\":\"BreadcrumbList\",\"@id\":\"https:\/\/www.clinicasancheztejedor.es\/index.php\/principal\/carillas-dentales-gijon\/#breadcrumb\",\"itemListElement\":[{\"@type\":\"ListItem\",\"position\":1,\"name\":\"Portada\",\"item\":\"https:\/\/www.clinicasancheztejedor.es\/\"},{\"@type\":\"ListItem\",\"position\":2,\"name\":\"Cl\u00ednica dental Leire S\u00e1nchez Tejedor\",\"item\":\"https:\/\/www.clinicasancheztejedor.es\/\"},{\"@type\":\"ListItem\",\"position\":3,\"name\":\"Carillas dentales\"}]},{\"@type\":\"WebSite\",\"@id\":\"https:\/\/www.clinicasancheztejedor.es\/#website\",\"url\":\"https:\/\/www.clinicasancheztejedor.es\/\",\"name\":\"Cl\u00ednica dental Leire S\u00e1nchez-Tejedor, Gij\u00f3n (Asturias)\",\"description\":\"Tu dentista de confianza en Gij\u00f3n, Asturias\",\"publisher\":{\"@id\":\"https:\/\/www.clinicasancheztejedor.es\/#organization\"},\"potentialAction\":[{\"@type\":\"SearchAction\",\"target\":{\"@type\":\"EntryPoint\",\"urlTemplate\":\"https:\/\/www.clinicasancheztejedor.es\/?s={search_term_string}\"},\"query-input\":{\"@type\":\"PropertyValueSpecification\",\"valueRequired\":true,\"valueName\":\"search_term_string\"}}],\"inLanguage\":\"es\"},{\"@type\":\"Organization\",\"@id\":\"https:\/\/www.clinicasancheztejedor.es\/#organization\",\"name\":\"Cl\u00ednica dental Leire S\u00e1nchez-Tejedor, Gij\u00f3n (Asturias)\",\"alternateName\":\"Dentista Dra. Leire S\u00e1nchez Tejedor\",\"url\":\"https:\/\/www.clinicasancheztejedor.es\/\",\"logo\":{\"@type\":\"ImageObject\",\"inLanguage\":\"es\",\"@id\":\"https:\/\/www.clinicasancheztejedor.es\/#\/schema\/logo\/image\/\",\"url\":\"https:\/\/www.clinicasancheztejedor.es\/wp-content\/uploads\/2024\/07\/logo-Clinica-Sanchez-Tejedor.png\",\"contentUrl\":\"https:\/\/www.clinicasancheztejedor.es\/wp-content\/uploads\/2024\/07\/logo-Clinica-Sanchez-Tejedor.png\",\"width\":354,\"height\":255,\"caption\":\"Cl\u00ednica dental Leire S\u00e1nchez-Tejedor, Gij\u00f3n (Asturias)\"},\"image\":{\"@id\":\"https:\/\/www.clinicasancheztejedor.es\/#\/schema\/logo\/image\/\"},\"sameAs\":[\"https:\/\/www.linkedin.com\/in\/draleiresancheztejedor\/\",\"https:\/\/www.instagram.com\/dra_tejedor\/\"]}]}<\/script>\n<!-- \/ Yoast SEO plugin. -->","yoast_head_json":{"title":"Carillas dentales &#8211; Cl\u00ednica dental Leire S\u00e1nchez-Tejedor, Gij\u00f3n (Asturias)","description":"Carillas dentales Cl\u00ednica dental Leire S\u00e1nchez-Tejedor, Gij\u00f3n (Asturias)","robots":{"index":"index","follow":"follow","max-snippet":"max-snippet:-1","max-image-preview":"max-image-preview:large","max-video-preview":"max-video-preview:-1"},"canonical":"https:\/\/www.clinicasancheztejedor.es\/index.php\/principal\/carillas-dentales-gijon\/","og_locale":"es_ES","og_type":"article","og_title":"Carillas dentales &#8211; Cl\u00ednica dental Leire S\u00e1nchez-Tejedor, Gij\u00f3n (Asturias)","og_description":"Carillas dentales Cl\u00ednica dental Leire S\u00e1nchez-Tejedor, Gij\u00f3n (Asturias)","og_url":"https:\/\/www.clinicasancheztejedor.es\/index.php\/principal\/carillas-dentales-gijon\/","og_site_name":"Cl\u00ednica dental Leire S\u00e1nchez-Tejedor, Gij\u00f3n (Asturias)","article_modified_time":"2024-07-09T13:02:41+00:00","og_image":[{"width":354,"height":255,"url":"https:\/\/www.clinicasancheztejedor.es\/wp-content\/uploads\/2024\/07\/logo-Clinica-Sanchez-Tejedor.png","type":"image\/png"}],"twitter_card":"summary_large_image","twitter_misc":{"Tiempo de lectura":"1 minuto"},"schema":{"@context":"https:\/\/schema.org","@graph":[{"@type":"WebPage","@id":"https:\/\/www.clinicasancheztejedor.es\/index.php\/principal\/carillas-dentales-gijon\/","url":"https:\/\/www.clinicasancheztejedor.es\/index.php\/principal\/carillas-dentales-gijon\/","name":"Carillas dentales &#8211; Cl\u00ednica dental Leire S\u00e1nchez-Tejedor, Gij\u00f3n (Asturias)","isPartOf":{"@id":"https:\/\/www.clinicasancheztejedor.es\/#website"},"datePublished":"2016-11-09T17:25:35+00:00","dateModified":"2024-07-09T13:02:41+00:00","description":"Carillas dentales Cl\u00ednica dental Leire S\u00e1nchez-Tejedor, Gij\u00f3n (Asturias)","breadcrumb":{"@id":"https:\/\/www.clinicasancheztejedor.es\/index.php\/principal\/carillas-dentales-gijon\/#breadcrumb"},"inLanguage":"es","potentialAction":[{"@type":"ReadAction","target":["https:\/\/www.clinicasancheztejedor.es\/index.php\/principal\/carillas-dentales-gijon\/"]}]},{"@type":"BreadcrumbList","@id":"https:\/\/www.clinicasancheztejedor.es\/index.php\/principal\/carillas-dentales-gijon\/#breadcrumb","itemListElement":[{"@type":"ListItem","position":1,"name":"Portada","item":"https:\/\/www.clinicasancheztejedor.es\/"},{"@type":"ListItem","position":2,"name":"Cl\u00ednica dental Leire S\u00e1nchez Tejedor","item":"https:\/\/www.clinicasancheztejedor.es\/"},{"@type":"ListItem","position":3,"name":"Carillas dentales"}]},{"@type":"WebSite","@id":"https:\/\/www.clinicasancheztejedor.es\/#website","url":"https:\/\/www.clinicasancheztejedor.es\/","name":"Cl\u00ednica dental Leire S\u00e1nchez-Tejedor, Gij\u00f3n (Asturias)","description":"Tu dentista de confianza en Gij\u00f3n, Asturias","publisher":{"@id":"https:\/\/www.clinicasancheztejedor.es\/#organization"},"potentialAction":[{"@type":"SearchAction","target":{"@type":"EntryPoint","urlTemplate":"https:\/\/www.clinicasancheztejedor.es\/?s={search_term_string}"},"query-input":{"@type":"PropertyValueSpecification","valueRequired":true,"valueName":"search_term_string"}}],"inLanguage":"es"},{"@type":"Organization","@id":"https:\/\/www.clinicasancheztejedor.es\/#organization","name":"Cl\u00ednica dental Leire S\u00e1nchez-Tejedor, Gij\u00f3n (Asturias)","alternateName":"Dentista Dra. Leire S\u00e1nchez Tejedor","url":"https:\/\/www.clinicasancheztejedor.es\/","logo":{"@type":"ImageObject","inLanguage":"es","@id":"https:\/\/www.clinicasancheztejedor.es\/#\/schema\/logo\/image\/","url":"https:\/\/www.clinicasancheztejedor.es\/wp-content\/uploads\/2024\/07\/logo-Clinica-Sanchez-Tejedor.png","contentUrl":"https:\/\/www.clinicasancheztejedor.es\/wp-content\/uploads\/2024\/07\/logo-Clinica-Sanchez-Tejedor.png","width":354,"height":255,"caption":"Cl\u00ednica dental Leire S\u00e1nchez-Tejedor, Gij\u00f3n (Asturias)"},"image":{"@id":"https:\/\/www.clinicasancheztejedor.es\/#\/schema\/logo\/image\/"},"sameAs":["https:\/\/www.linkedin.com\/in\/draleiresancheztejedor\/","https:\/\/www.instagram.com\/dra_tejedor\/"]}]}},"_links":{"self":[{"href":"https:\/\/www.clinicasancheztejedor.es\/index.php\/wp-json\/wp\/v2\/pages\/340","targetHints":{"allow":["GET"]}}],"collection":[{"href":"https:\/\/www.clinicasancheztejedor.es\/index.php\/wp-json\/wp\/v2\/pages"}],"about":[{"href":"https:\/\/www.clinicasancheztejedor.es\/index.php\/wp-json\/wp\/v2\/types\/page"}],"author":[{"embeddable":true,"href":"https:\/\/www.clinicasancheztejedor.es\/index.php\/wp-json\/wp\/v2\/users\/1"}],"replies":[{"embeddable":true,"href":"https:\/\/www.clinicasancheztejedor.es\/index.php\/wp-json\/wp\/v2\/comments?post=340"}],"version-history":[{"count":9,"href":"https:\/\/www.clinicasancheztejedor.es\/index.php\/wp-json\/wp\/v2\/pages\/340\/revisions"}],"predecessor-version":[{"id":1448,"href":"https:\/\/www.clinicasancheztejedor.es\/index.php\/wp-json\/wp\/v2\/pages\/340\/revisions\/1448"}],"up":[{"embeddable":true,"href":"https:\/\/www.clinicasancheztejedor.es\/index.php\/wp-json\/wp\/v2\/pages\/17"}],"wp:attachment":[{"href":"https:\/\/www.clinicasancheztejedor.es\/index.php\/wp-json\/wp\/v2\/media?parent=340"}],"curies":[{"name":"wp","href":"https:\/\/api.w.org\/{rel}","templated":true}]}}